{"id":36,"date":"2021-06-30T16:42:11","date_gmt":"2021-06-30T16:42:11","guid":{"rendered":"http:\/\/tukaroyal.com\/?page_id=36"},"modified":"2021-07-05T08:38:43","modified_gmt":"2021-07-05T07:38:43","slug":"about","status":"publish","type":"page","link":"https:\/\/tukaroyal.com\/index.php\/about\/","title":{"rendered":"A propos"},"content":{"rendered":"\n<p>La\u00a0<strong>Fromagerie Tuka Royal\u00a0<\/strong>est implant\u00e9e dans le village de Toukabeur au nord-ouest de la Tunisie \u00e0 75km de Tunis.<\/p>\n\n\n\n<p>Notre fromagerie est ouverte du Lundi au samedi, toute la journ\u00e9e, nous vous y accueillerons avec grand plaisir.<\/p>\n\n\n\n<p>Nos \u00e9quipes sont \u00e0 votre disposition pour vous conseiller dans le choix des\u00a0<strong>fromages\u00a0<\/strong>et le mariage de ces derniers pour des plateaux savoureux.<\/p>\n\n\n\n<p>Notre savoir-faire repose sur la connaissance rigoureuse et pr\u00e9cise des&nbsp;<strong>fromages<\/strong>, de l&rsquo;expertise d&rsquo;une \u00e9quipe d\u00e9vou\u00e9e et passionn\u00e9e ainsi que de l&rsquo;expertise de nos collaborateurs danois.<\/p>\n\n\n\n<p>Chaque produit b\u00e9n\u00e9ficie d&rsquo;une recette travaill\u00e9e et optimis\u00e9e pour vous assurer un produit de haute qualit\u00e9. Nous travaillons pour vous accompagner au mieux dans vos choix de d\u00e9gustations et la composition de vos plateaux.<\/p>\n\n\n\n<p><br>Les m\u00e9thodes d&rsquo;affinage ont \u00e9t\u00e9 \u00e9labor\u00e9es pour chaque&nbsp;<strong>fromage<\/strong>, nous vous proposons une gamme vari\u00e9e qui plaira \u00e0 tous les go\u00fbts, en termes de saveurs et de textures.<\/p>\n\n\n\n<p><br><strong>A Toukabeur,<\/strong>&nbsp;dans notre propre&nbsp;fromagerie, nous contr\u00f4lons finement l\u2019hygrom\u00e9trie et la temp\u00e9rature, nous assurons la maturation de chaque meule par des gestes techniques pr\u00e9cis (frottage, brossage, retournement\u2026) afin que chaque fromage soit d\u00e9gust\u00e9 dans des conditions optimales.<\/p>\n\n\n\n<p>Chez Tuka Royal, le client est roi, nous vous conseillerons au mieux pour \u00e9laborer des plateaux de fromage selon votre budget, vos go\u00fbts et vos envies.<br>Bien entendu, nous proposons \u00e9galement l&rsquo;\u00e9laboration de buffets pour les \u00e9v\u00e9nements priv\u00e9s ainsi que des coffrets cadeau. Discutez simplement avec nous de votre projet, de votre budget et surtout de vos envies, nous vous proposerons avec plaisir l&rsquo;offre id\u00e9ale.<\/p>\n","protected":false},"excerpt":{"rendered":"<p>La\u00a0Fromagerie Tuka Royal\u00a0est implant\u00e9e dans le village de Toukabeur au nord-ouest de la Tunisie \u00e0 75km de Tunis. Notre fromagerie est ouverte du Lundi au samedi, toute la journ\u00e9e, nous vous y accueillerons avec grand plaisir. Nos \u00e9quipes sont \u00e0 votre disposition pour vous conseiller dans le choix des\u00a0fromages\u00a0et le mariage de ces derniers pour&hellip; <a class=\"more-link\" href=\"https:\/\/tukaroyal.com\/index.php\/about\/\">Poursuivre la lecture <span class=\"screen-reader-text\">A propos<\/span><\/a><\/p>\n","protected":false},"author":1,"featured_media":0,"parent":0,"menu_order":0,"comment_status":"closed","ping_status":"closed","template":"","meta":{"footnotes":""},"class_list":["post-36","page","type-page","status-publish","hentry","entry"],"_links":{"self":[{"href":"https:\/\/tukaroyal.com\/index.php\/wp-json\/wp\/v2\/pages\/36","targetHints":{"allow":["GET"]}}],"collection":[{"href":"https:\/\/tukaroyal.com\/index.php\/wp-json\/wp\/v2\/pages"}],"about":[{"href":"https:\/\/tukaroyal.com\/index.php\/wp-json\/wp\/v2\/types\/page"}],"author":[{"embeddable":true,"href":"https:\/\/tukaroyal.com\/index.php\/wp-json\/wp\/v2\/users\/1"}],"replies":[{"embeddable":true,"href":"https:\/\/tukaroyal.com\/index.php\/wp-json\/wp\/v2\/comments?post=36"}],"version-history":[{"count":5,"href":"https:\/\/tukaroyal.com\/index.php\/wp-json\/wp\/v2\/pages\/36\/revisions"}],"predecessor-version":[{"id":82,"href":"https:\/\/tukaroyal.com\/index.php\/wp-json\/wp\/v2\/pages\/36\/revisions\/82"}],"wp:attachment":[{"href":"https:\/\/tukaroyal.com\/index.php\/wp-json\/wp\/v2\/media?parent=36"}],"curies":[{"name":"wp","href":"https:\/\/api.w.org\/{rel}","templated":true}]}}