{"id":35,"date":"2021-06-30T16:42:11","date_gmt":"2021-06-30T16:42:11","guid":{"rendered":"http:\/\/tukaroyal.com\/?page_id=35"},"modified":"2021-07-07T13:17:19","modified_gmt":"2021-07-07T12:17:19","slug":"create-your-website-with-blocks","status":"publish","type":"page","link":"https:\/\/tukaroyal.com\/","title":{"rendered":"Tuka Royal"},"content":{"rendered":"\r\n<h3 class=\"alignwide has-text-align-wide wp-block-heading\" style=\"font-size: 68px; line-height: 1.4; text-align: center;\">Le Fromage Tunisien \u00e0 la Qualit\u00e9 Danoise<\/h3>\r\n<h4 class=\"alignwide has-text-align-wide\" style=\"font-size: 68px; line-height: 1.4; text-align: center;\">\u0623\u062c\u0628\u0627\u0646 \u062a\u0648\u0646\u0633\u064a\u0629 \u0628\u0646\u0643\u0647\u0629 \u062f\u0646\u0645\u0627\u0631\u0643\u064a\u0629<\/h4>\r\n\r\n\r\n\r\n<div class=\"wp-block-columns alignwide are-vertically-aligned-center is-style-twentytwentyone-columns-overlap\">\r\n<table>\r\n<tbody>\r\n<tr>\r\n<td style=\"border: none;\"><img loading=\"lazy\" decoding=\"async\" width=\"960\" height=\"720\" class=\"wp-image-18 aligncenter\" src=\"https:\/\/tukaroyal.com\/wp-content\/uploads\/2021\/06\/161675550_2957918824429639_5676422504117266027_n.jpg\" alt=\"\" srcset=\"https:\/\/tukaroyal.com\/wp-content\/uploads\/2021\/06\/161675550_2957918824429639_5676422504117266027_n.jpg 960w, https:\/\/tukaroyal.com\/wp-content\/uploads\/2021\/06\/161675550_2957918824429639_5676422504117266027_n-300x225.jpg 300w, https:\/\/tukaroyal.com\/wp-content\/uploads\/2021\/06\/161675550_2957918824429639_5676422504117266027_n-768x576.jpg 768w\" sizes=\"auto, (max-width: 960px) 100vw, 960px\" \/><\/td>\r\n<td style=\"border: none;\"><img loading=\"lazy\" decoding=\"async\" width=\"960\" height=\"720\" class=\"wp-image-26\" src=\"https:\/\/tukaroyal.com\/wp-content\/uploads\/2021\/06\/170472253_2973635289524659_713273374556016272_n-1.jpg\" alt=\"\" data-id=\"26\" data-full-url=\"https:\/\/tukaroyal.com\/wp-content\/uploads\/2021\/06\/170472253_2973635289524659_713273374556016272_n-1.jpg\" data-link=\"https:\/\/tukaroyal.com\/170472253_2973635289524659_713273374556016272_n-1\/\" srcset=\"https:\/\/tukaroyal.com\/wp-content\/uploads\/2021\/06\/170472253_2973635289524659_713273374556016272_n-1.jpg 960w, https:\/\/tukaroyal.com\/wp-content\/uploads\/2021\/06\/170472253_2973635289524659_713273374556016272_n-1-300x225.jpg 300w, https:\/\/tukaroyal.com\/wp-content\/uploads\/2021\/06\/170472253_2973635289524659_713273374556016272_n-1-768x576.jpg 768w\" sizes=\"auto, (max-width: 960px) 100vw, 960px\" \/><\/td>\r\n<\/tr>\r\n<tr>\r\n<td style=\"border: none;\"><img loading=\"lazy\" decoding=\"async\" class=\"wp-image-24 aligncenter\" src=\"https:\/\/tukaroyal.com\/wp-content\/uploads\/2021\/06\/168455959_2969878536567001_8283870735192601021_n.jpg\" alt=\"\" width=\"512\" height=\"681\" \/><\/td>\r\n<td style=\"border: none;\">\r\n<p><img loading=\"lazy\" decoding=\"async\" class=\"wp-image-19\" src=\"https:\/\/tukaroyal.com\/wp-content\/uploads\/2021\/06\/161923038_2957918871096301_7290371044415980808_n.jpg\" alt=\"\" width=\"875\" height=\"656\" data-id=\"19\" data-full-url=\"https:\/\/tukaroyal.com\/wp-content\/uploads\/2021\/06\/161923038_2957918871096301_7290371044415980808_n.jpg\" data-link=\"https:\/\/tukaroyal.com\/161923038_2957918871096301_7290371044415980808_n\/\" srcset=\"https:\/\/tukaroyal.com\/wp-content\/uploads\/2021\/06\/161923038_2957918871096301_7290371044415980808_n.jpg 960w, https:\/\/tukaroyal.com\/wp-content\/uploads\/2021\/06\/161923038_2957918871096301_7290371044415980808_n-300x225.jpg 300w, https:\/\/tukaroyal.com\/wp-content\/uploads\/2021\/06\/161923038_2957918871096301_7290371044415980808_n-768x576.jpg 768w\" sizes=\"auto, (max-width: 875px) 100vw, 875px\" \/><\/p>\r\n<\/td>\r\n<\/tr>\r\n<\/tbody>\r\n<\/table>\r\n<div class=\"wp-block-column is-vertically-aligned-center\">\u00a0<\/div>\r\n\r\n\r\n\r\n<div class=\"wp-block-column is-vertically-aligned-center is-layout-flow wp-block-column-is-layout-flow\">\r\n<div class=\"wp-block-spacer\" style=\"height: 100px;\" aria-hidden=\"true\">\u00a0<\/div>\r\n<\/div>\r\n<\/div>\r\n<div class=\"wp-block-columns alignwide are-vertically-aligned-top\">\r\n<div class=\"wp-block-column is-vertically-aligned-top\">\r\n\r\n\r\n<div aria-hidden=\"true\">\u00a0<\/div>\r\n<div class=\"wp-block-spacer\" style=\"height: 100px;\" aria-hidden=\"true\"><span style=\"font-family: var(--heading--font-family); font-size: var(--heading--font-size-h3); font-weight: var(--heading--font-weight); letter-spacing: var(--heading--letter-spacing-h3); background-color: var(--global--color-background); color: var(--global--color-primary);\">Savoir-faire<\/span><\/div>\r\n<div class=\"wp-block-spacer\" style=\"height: 100px;\" aria-hidden=\"true\">Notre savoir-faire repose sur la connaissance m\u00e9ticuleuse des\u00a0<strong>fromages\u00a0<\/strong>et du terroir auquel ils sont attach\u00e9s.<\/div>\r\n<\/div>\r\n\r\n\r\n\r\n<div class=\"wp-block-column is-vertically-aligned-top is-layout-flow wp-block-column-is-layout-flow\">\r\n<h3 class=\"wp-block-heading\">S\u00e9lection de rigueur<\/h3>\r\n\r\n\r\n\r\n<p>Nous s\u00e9lectionnons chaque produit avec la plus grande rigueur afin de proposer\u00a0aux consommateurs le plateau de\u00a0fromage parfait.<\/p>\r\n<\/div>\r\n\r\n\r\n\r\n<div class=\"wp-block-column is-vertically-aligned-top is-layout-flow wp-block-column-is-layout-flow\">\r\n<h3 class=\"wp-block-heading\">Affinage et soins<\/h3>\r\n\r\n\r\n\r\n<p>Nos m\u00e9thodes d&rsquo;affinage et tous les soins apport\u00e9s \u00e0 chaque\u00a0<strong>fromage\u00a0<\/strong>nous permettent de proposer une gamme de saveur, de texture et de caract\u00e8re qui s&rsquo;adaptent \u00e0 chaque gout.\u00a0<\/p>\r\n<\/div>\r\n<\/div>\r\n<!-- \/wp:post-content -->\r\n\r\n<!-- wp:columns {\"className\":\"is-style-twentytwentyone-columns-overlap\"} -->\r\n<div class=\"wp-block-columns is-style-twentytwentyone-columns-overlap\"><!-- wp:column {\"width\":\"\"} -->\r\n<div class=\"wp-block-column\"><!-- wp:heading -->\r\n<h2>Notre fromagerie<\/h2>\r\n<!-- \/wp:heading -->\r\n\r\n<!-- wp:image {\"id\":6,\"sizeSlug\":\"large\",\"linkDestination\":\"none\"} -->\r\n<figure class=\"wp-block-image size-large\"><img loading=\"lazy\" decoding=\"async\" width=\"960\" height=\"960\" class=\"wp-image-6\" src=\"https:\/\/tukaroyal.com\/wp-content\/uploads\/2021\/06\/86457083_2624217041133154_8129638892438552576_n-1.jpg\" alt=\"\" srcset=\"https:\/\/tukaroyal.com\/wp-content\/uploads\/2021\/06\/86457083_2624217041133154_8129638892438552576_n-1.jpg 960w, https:\/\/tukaroyal.com\/wp-content\/uploads\/2021\/06\/86457083_2624217041133154_8129638892438552576_n-1-300x300.jpg 300w, https:\/\/tukaroyal.com\/wp-content\/uploads\/2021\/06\/86457083_2624217041133154_8129638892438552576_n-1-150x150.jpg 150w, https:\/\/tukaroyal.com\/wp-content\/uploads\/2021\/06\/86457083_2624217041133154_8129638892438552576_n-1-768x768.jpg 768w\" sizes=\"auto, (max-width: 960px) 100vw, 960px\" \/><\/figure>\r\n<!-- \/wp:image --><\/div>\r\n<!-- \/wp:column -->\r\n\r\n<!-- wp:column -->\r\n<div class=\"wp-block-column\"><!-- wp:paragraph -->\r\n<p><strong>A Toukabeur,<\/strong> dans notre propre\u00a0fromagerie, dont l\u2019hygrom\u00e9trie et la temp\u00e9rature sont contr\u00f4l\u00e9es, nous pilotons\u00a0la maturation de chaque meule en apportant\u00a0des gestes techniques (frottage, brossage, retournement\u2026) afin que chaque fromage pr\u00e9sent\u00e9 en magasin atteigne le point id\u00e9al de d\u00e9gustation.<\/p>\r\n<!-- \/wp:paragraph --><\/div>\r\n<!-- \/wp:column --><\/div>\r\n<!-- \/wp:columns -->\r\n\r\n<!-- wp:paragraph -->\r\n<p>A l&rsquo;\u00e9coute de nos clients, nous composons pour vous des plateaux de fromage selon vos envies, vos go\u00fbts et votre budget.\u00a0<br \/>Nous pouvons \u00e9galement cr\u00e9er des buffets pour les \u00e9v\u00e9nements priv\u00e9s ainsi que des coffrets cadeau pour les entreprises. Donnez-nous simplement votre budget et votre envie et nous composons pour vous l&rsquo;offre id\u00e9ale. \u00abNotre cr\u00e9ativit\u00e9 n\u2019a pas de limites\u00bb .<\/p>\r\n<!-- \/wp:paragraph -->\r\n\r\n<!-- wp:gallery {\"ids\":[8,12,16,13,5,26,28,19,20,23,22,14,15,17],\"columns\":4,\"linkTo\":\"none\"} -->\r\n<figure class=\"wp-block-gallery columns-4 is-cropped\">\r\n<ul class=\"blocks-gallery-grid\">\r\n<li class=\"blocks-gallery-item\">\r\n<figure><img loading=\"lazy\" decoding=\"async\" width=\"960\" height=\"960\" class=\"wp-image-8\" src=\"https:\/\/tukaroyal.com\/wp-content\/uploads\/2021\/06\/121970006_2841804669374389_2908647323023574185_n.jpg\" alt=\"\" data-id=\"8\" data-full-url=\"https:\/\/tukaroyal.com\/wp-content\/uploads\/2021\/06\/121970006_2841804669374389_2908647323023574185_n.jpg\" data-link=\"https:\/\/tukaroyal.com\/121970006_2841804669374389_2908647323023574185_n\/\" srcset=\"https:\/\/tukaroyal.com\/wp-content\/uploads\/2021\/06\/121970006_2841804669374389_2908647323023574185_n.jpg 960w, https:\/\/tukaroyal.com\/wp-content\/uploads\/2021\/06\/121970006_2841804669374389_2908647323023574185_n-300x300.jpg 300w, https:\/\/tukaroyal.com\/wp-content\/uploads\/2021\/06\/121970006_2841804669374389_2908647323023574185_n-150x150.jpg 150w, https:\/\/tukaroyal.com\/wp-content\/uploads\/2021\/06\/121970006_2841804669374389_2908647323023574185_n-768x768.jpg 768w\" sizes=\"auto, (max-width: 960px) 100vw, 960px\" \/><\/figure>\r\n<\/li>\r\n<li class=\"blocks-gallery-item\">\r\n<figure><img loading=\"lazy\" decoding=\"async\" width=\"960\" height=\"960\" class=\"wp-image-12\" src=\"https:\/\/tukaroyal.com\/wp-content\/uploads\/2021\/06\/122174109_2843798922508297_6607596723850835835_n.jpg\" alt=\"\" data-id=\"12\" data-full-url=\"https:\/\/tukaroyal.com\/wp-content\/uploads\/2021\/06\/122174109_2843798922508297_6607596723850835835_n.jpg\" data-link=\"https:\/\/tukaroyal.com\/122174109_2843798922508297_6607596723850835835_n\/\" srcset=\"https:\/\/tukaroyal.com\/wp-content\/uploads\/2021\/06\/122174109_2843798922508297_6607596723850835835_n.jpg 960w, https:\/\/tukaroyal.com\/wp-content\/uploads\/2021\/06\/122174109_2843798922508297_6607596723850835835_n-300x300.jpg 300w, https:\/\/tukaroyal.com\/wp-content\/uploads\/2021\/06\/122174109_2843798922508297_6607596723850835835_n-150x150.jpg 150w, https:\/\/tukaroyal.com\/wp-content\/uploads\/2021\/06\/122174109_2843798922508297_6607596723850835835_n-768x768.jpg 768w\" sizes=\"auto, (max-width: 960px) 100vw, 960px\" \/><\/figure>\r\n<\/li>\r\n<li class=\"blocks-gallery-item\">\r\n<figure><img loading=\"lazy\" decoding=\"async\" width=\"720\" height=\"960\" class=\"wp-image-16\" src=\"https:\/\/tukaroyal.com\/wp-content\/uploads\/2021\/06\/161060950_2956400127914842_2569469071073903980_n.jpg\" alt=\"\" data-id=\"16\" data-full-url=\"https:\/\/tukaroyal.com\/wp-content\/uploads\/2021\/06\/161060950_2956400127914842_2569469071073903980_n.jpg\" data-link=\"https:\/\/tukaroyal.com\/161060950_2956400127914842_2569469071073903980_n\/\" srcset=\"https:\/\/tukaroyal.com\/wp-content\/uploads\/2021\/06\/161060950_2956400127914842_2569469071073903980_n.jpg 720w, https:\/\/tukaroyal.com\/wp-content\/uploads\/2021\/06\/161060950_2956400127914842_2569469071073903980_n-225x300.jpg 225w\" sizes=\"auto, (max-width: 720px) 100vw, 720px\" \/><\/figure>\r\n<\/li>\r\n<li class=\"blocks-gallery-item\">\r\n<figure><img loading=\"lazy\" decoding=\"async\" width=\"960\" height=\"960\" class=\"wp-image-13\" src=\"https:\/\/tukaroyal.com\/wp-content\/uploads\/2021\/06\/131902944_2894524844102371_4601982867355881461_o.jpg\" alt=\"\" data-id=\"13\" data-full-url=\"https:\/\/tukaroyal.com\/wp-content\/uploads\/2021\/06\/131902944_2894524844102371_4601982867355881461_o.jpg\" data-link=\"https:\/\/tukaroyal.com\/131902944_2894524844102371_4601982867355881461_o\/\" srcset=\"https:\/\/tukaroyal.com\/wp-content\/uploads\/2021\/06\/131902944_2894524844102371_4601982867355881461_o.jpg 960w, https:\/\/tukaroyal.com\/wp-content\/uploads\/2021\/06\/131902944_2894524844102371_4601982867355881461_o-300x300.jpg 300w, https:\/\/tukaroyal.com\/wp-content\/uploads\/2021\/06\/131902944_2894524844102371_4601982867355881461_o-150x150.jpg 150w, https:\/\/tukaroyal.com\/wp-content\/uploads\/2021\/06\/131902944_2894524844102371_4601982867355881461_o-768x768.jpg 768w\" sizes=\"auto, (max-width: 960px) 100vw, 960px\" \/><\/figure>\r\n<\/li>\r\n<li class=\"blocks-gallery-item\">\r\n<figure><img loading=\"lazy\" decoding=\"async\" width=\"960\" height=\"960\" class=\"wp-image-5\" src=\"https:\/\/tukaroyal.com\/wp-content\/uploads\/2021\/06\/84837469_2624217147799810_647073974609510400_n.jpg\" alt=\"\" data-id=\"5\" data-full-url=\"https:\/\/tukaroyal.com\/wp-content\/uploads\/2021\/06\/84837469_2624217147799810_647073974609510400_n.jpg\" data-link=\"https:\/\/tukaroyal.com\/84837469_2624217147799810_647073974609510400_n\/\" srcset=\"https:\/\/tukaroyal.com\/wp-content\/uploads\/2021\/06\/84837469_2624217147799810_647073974609510400_n.jpg 960w, https:\/\/tukaroyal.com\/wp-content\/uploads\/2021\/06\/84837469_2624217147799810_647073974609510400_n-300x300.jpg 300w, https:\/\/tukaroyal.com\/wp-content\/uploads\/2021\/06\/84837469_2624217147799810_647073974609510400_n-150x150.jpg 150w, https:\/\/tukaroyal.com\/wp-content\/uploads\/2021\/06\/84837469_2624217147799810_647073974609510400_n-768x768.jpg 768w\" sizes=\"auto, (max-width: 960px) 100vw, 960px\" \/><\/figure>\r\n<\/li>\r\n<li class=\"blocks-gallery-item\">\u00a0<\/li>\r\n<li class=\"blocks-gallery-item\">\r\n<figure><img loading=\"lazy\" decoding=\"async\" width=\"720\" height=\"960\" class=\"wp-image-28\" src=\"https:\/\/tukaroyal.com\/wp-content\/uploads\/2021\/06\/170719786_2973635246191330_807080914243394440_n.jpg\" alt=\"\" data-id=\"28\" data-full-url=\"https:\/\/tukaroyal.com\/wp-content\/uploads\/2021\/06\/170719786_2973635246191330_807080914243394440_n.jpg\" data-link=\"https:\/\/tukaroyal.com\/170719786_2973635246191330_807080914243394440_n\/\" srcset=\"https:\/\/tukaroyal.com\/wp-content\/uploads\/2021\/06\/170719786_2973635246191330_807080914243394440_n.jpg 720w, https:\/\/tukaroyal.com\/wp-content\/uploads\/2021\/06\/170719786_2973635246191330_807080914243394440_n-225x300.jpg 225w\" sizes=\"auto, (max-width: 720px) 100vw, 720px\" \/><\/figure>\r\n<\/li>\r\n<li class=\"blocks-gallery-item\">\u00a0<\/li>\r\n<li class=\"blocks-gallery-item\">\r\n<figure><img loading=\"lazy\" decoding=\"async\" width=\"960\" height=\"720\" class=\"wp-image-20\" src=\"https:\/\/tukaroyal.com\/wp-content\/uploads\/2021\/06\/162271867_2959223630965825_5791919525410842789_n.jpg\" alt=\"\" data-id=\"20\" data-full-url=\"https:\/\/tukaroyal.com\/wp-content\/uploads\/2021\/06\/162271867_2959223630965825_5791919525410842789_n.jpg\" data-link=\"https:\/\/tukaroyal.com\/162271867_2959223630965825_5791919525410842789_n\/\" srcset=\"https:\/\/tukaroyal.com\/wp-content\/uploads\/2021\/06\/162271867_2959223630965825_5791919525410842789_n.jpg 960w, https:\/\/tukaroyal.com\/wp-content\/uploads\/2021\/06\/162271867_2959223630965825_5791919525410842789_n-300x225.jpg 300w, https:\/\/tukaroyal.com\/wp-content\/uploads\/2021\/06\/162271867_2959223630965825_5791919525410842789_n-768x576.jpg 768w\" sizes=\"auto, (max-width: 960px) 100vw, 960px\" \/><\/figure>\r\n<\/li>\r\n<li class=\"blocks-gallery-item\">\r\n<figure><img loading=\"lazy\" decoding=\"async\" width=\"960\" height=\"960\" class=\"wp-image-23\" src=\"https:\/\/tukaroyal.com\/wp-content\/uploads\/2021\/06\/163364287_2959223434299178_3512589184826776526_n.jpg\" alt=\"\" data-id=\"23\" data-full-url=\"https:\/\/tukaroyal.com\/wp-content\/uploads\/2021\/06\/163364287_2959223434299178_3512589184826776526_n.jpg\" data-link=\"https:\/\/tukaroyal.com\/163364287_2959223434299178_3512589184826776526_n\/\" srcset=\"https:\/\/tukaroyal.com\/wp-content\/uploads\/2021\/06\/163364287_2959223434299178_3512589184826776526_n.jpg 960w, https:\/\/tukaroyal.com\/wp-content\/uploads\/2021\/06\/163364287_2959223434299178_3512589184826776526_n-300x300.jpg 300w, https:\/\/tukaroyal.com\/wp-content\/uploads\/2021\/06\/163364287_2959223434299178_3512589184826776526_n-150x150.jpg 150w, https:\/\/tukaroyal.com\/wp-content\/uploads\/2021\/06\/163364287_2959223434299178_3512589184826776526_n-768x768.jpg 768w\" sizes=\"auto, (max-width: 960px) 100vw, 960px\" \/><\/figure>\r\n<\/li>\r\n<li class=\"blocks-gallery-item\">\r\n<figure><img loading=\"lazy\" decoding=\"async\" width=\"720\" height=\"960\" class=\"wp-image-22\" src=\"https:\/\/tukaroyal.com\/wp-content\/uploads\/2021\/06\/162788449_2959223537632501_2597188283137880685_n.jpg\" alt=\"\" data-id=\"22\" data-full-url=\"https:\/\/tukaroyal.com\/wp-content\/uploads\/2021\/06\/162788449_2959223537632501_2597188283137880685_n.jpg\" data-link=\"https:\/\/tukaroyal.com\/162788449_2959223537632501_2597188283137880685_n\/\" srcset=\"https:\/\/tukaroyal.com\/wp-content\/uploads\/2021\/06\/162788449_2959223537632501_2597188283137880685_n.jpg 720w, https:\/\/tukaroyal.com\/wp-content\/uploads\/2021\/06\/162788449_2959223537632501_2597188283137880685_n-225x300.jpg 225w\" sizes=\"auto, (max-width: 720px) 100vw, 720px\" \/><\/figure>\r\n<\/li>\r\n<li class=\"blocks-gallery-item\">\r\n<figure><img loading=\"lazy\" decoding=\"async\" width=\"803\" height=\"960\" class=\"wp-image-14\" src=\"https:\/\/tukaroyal.com\/wp-content\/uploads\/2021\/06\/158383618_2951362215085300_2452340827214744719_n.jpg\" alt=\"\" data-id=\"14\" data-full-url=\"https:\/\/tukaroyal.com\/wp-content\/uploads\/2021\/06\/158383618_2951362215085300_2452340827214744719_n.jpg\" data-link=\"https:\/\/tukaroyal.com\/158383618_2951362215085300_2452340827214744719_n\/\" srcset=\"https:\/\/tukaroyal.com\/wp-content\/uploads\/2021\/06\/158383618_2951362215085300_2452340827214744719_n.jpg 803w, https:\/\/tukaroyal.com\/wp-content\/uploads\/2021\/06\/158383618_2951362215085300_2452340827214744719_n-251x300.jpg 251w, https:\/\/tukaroyal.com\/wp-content\/uploads\/2021\/06\/158383618_2951362215085300_2452340827214744719_n-768x918.jpg 768w\" sizes=\"auto, (max-width: 803px) 100vw, 803px\" \/><\/figure>\r\n<\/li>\r\n<li class=\"blocks-gallery-item\">\r\n<figure><img loading=\"lazy\" decoding=\"async\" width=\"764\" height=\"1024\" class=\"wp-image-15\" src=\"https:\/\/tukaroyal.com\/wp-content\/uploads\/2021\/06\/158819634_2951369028417952_7050609236844568766_n-764x1024.jpg\" alt=\"\" data-id=\"15\" data-full-url=\"https:\/\/tukaroyal.com\/wp-content\/uploads\/2021\/06\/158819634_2951369028417952_7050609236844568766_n.jpg\" data-link=\"https:\/\/tukaroyal.com\/158819634_2951369028417952_7050609236844568766_n\/\" srcset=\"https:\/\/tukaroyal.com\/wp-content\/uploads\/2021\/06\/158819634_2951369028417952_7050609236844568766_n-764x1024.jpg 764w, https:\/\/tukaroyal.com\/wp-content\/uploads\/2021\/06\/158819634_2951369028417952_7050609236844568766_n-224x300.jpg 224w, https:\/\/tukaroyal.com\/wp-content\/uploads\/2021\/06\/158819634_2951369028417952_7050609236844568766_n-768x1029.jpg 768w, https:\/\/tukaroyal.com\/wp-content\/uploads\/2021\/06\/158819634_2951369028417952_7050609236844568766_n-1146x1536.jpg 1146w, https:\/\/tukaroyal.com\/wp-content\/uploads\/2021\/06\/158819634_2951369028417952_7050609236844568766_n.jpg 1504w\" sizes=\"auto, (max-width: 764px) 100vw, 764px\" \/><\/figure>\r\n<\/li>\r\n<li class=\"blocks-gallery-item\">\r\n<figure><img loading=\"lazy\" decoding=\"async\" width=\"461\" height=\"1024\" class=\"wp-image-17\" src=\"https:\/\/tukaroyal.com\/wp-content\/uploads\/2021\/06\/161580242_2956400214581500_5204662090383027270_n-461x1024.jpg\" alt=\"\" data-id=\"17\" data-full-url=\"https:\/\/tukaroyal.com\/wp-content\/uploads\/2021\/06\/161580242_2956400214581500_5204662090383027270_n.jpg\" data-link=\"https:\/\/tukaroyal.com\/161580242_2956400214581500_5204662090383027270_n\/\" srcset=\"https:\/\/tukaroyal.com\/wp-content\/uploads\/2021\/06\/161580242_2956400214581500_5204662090383027270_n-461x1024.jpg 461w, https:\/\/tukaroyal.com\/wp-content\/uploads\/2021\/06\/161580242_2956400214581500_5204662090383027270_n-135x300.jpg 135w, https:\/\/tukaroyal.com\/wp-content\/uploads\/2021\/06\/161580242_2956400214581500_5204662090383027270_n.jpg 640w\" sizes=\"auto, (max-width: 461px) 100vw, 461px\" \/><\/figure>\r\n<\/li>\r\n<\/ul>\r\n<\/figure>\r\n<!-- \/wp:gallery -->\r\n\r\n<!-- wp:social-links -->\r\n<ul class=\"wp-block-social-links\"><!-- wp:social-link {\"url\":\"https:\/\/www.facebook.com\/FromageTukaRoyal\",\"service\":\"facebook\"} \/--><\/ul>\r\n<!-- \/wp:social-links -->\r\n\r\n<!-- wp:paragraph -->\r\n<p>&nbsp;<\/p>\r\n<!-- \/wp:paragraph -->","protected":false},"excerpt":{"rendered":"<p>Le Fromage Tunisien \u00e0 la Qualit\u00e9 Danoise \u0623\u062c\u0628\u0627\u0646 \u062a\u0648\u0646\u0633\u064a\u0629 \u0628\u0646\u0643\u0647\u0629 \u062f\u0646\u0645\u0627\u0631\u0643\u064a\u0629 \u00a0 Savoir-faire Notre savoir-faire repose sur la connaissance m\u00e9ticuleuse des\u00a0fromages\u00a0et du terroir auquel ils sont attach\u00e9s. S\u00e9lection de rigueur Nous s\u00e9lectionnons chaque produit avec la plus grande rigueur afin de proposer\u00a0aux consommateurs le plateau de\u00a0fromage parfait. Affinage et soins Nos m\u00e9thodes d&rsquo;affinage et tous&hellip; <a class=\"more-link\" href=\"https:\/\/tukaroyal.com\/\">Poursuivre la lecture <span class=\"screen-reader-text\">Tuka Royal<\/span><\/a><\/p>\n","protected":false},"author":1,"featured_media":0,"parent":0,"menu_order":0,"comment_status":"closed","ping_status":"closed","template":"","meta":{"footnotes":""},"class_list":["post-35","page","type-page","status-publish","hentry","entry"],"_links":{"self":[{"href":"https:\/\/tukaroyal.com\/index.php\/wp-json\/wp\/v2\/pages\/35","targetHints":{"allow":["GET"]}}],"collection":[{"href":"https:\/\/tukaroyal.com\/index.php\/wp-json\/wp\/v2\/pages"}],"about":[{"href":"https:\/\/tukaroyal.com\/index.php\/wp-json\/wp\/v2\/types\/page"}],"author":[{"embeddable":true,"href":"https:\/\/tukaroyal.com\/index.php\/wp-json\/wp\/v2\/users\/1"}],"replies":[{"embeddable":true,"href":"https:\/\/tukaroyal.com\/index.php\/wp-json\/wp\/v2\/comments?post=35"}],"version-history":[{"count":10,"href":"https:\/\/tukaroyal.com\/index.php\/wp-json\/wp\/v2\/pages\/35\/revisions"}],"predecessor-version":[{"id":101,"href":"https:\/\/tukaroyal.com\/index.php\/wp-json\/wp\/v2\/pages\/35\/revisions\/101"}],"wp:attachment":[{"href":"https:\/\/tukaroyal.com\/index.php\/wp-json\/wp\/v2\/media?parent=35"}],"curies":[{"name":"wp","href":"https:\/\/api.w.org\/{rel}","templated":true}]}}